{"id":8,"date":"2026-04-13T10:01:16","date_gmt":"2026-04-13T10:01:16","guid":{"rendered":"https:\/\/arteenmente.rkinformatika.online\/?page_id=8"},"modified":"2026-04-13T14:18:47","modified_gmt":"2026-04-13T14:18:47","slug":"inicio","status":"publish","type":"page","link":"https:\/\/arteenmente.com\/en\/","title":{"rendered":"Home"},"content":{"rendered":"<div data-elementor-type=\"wp-page\" data-elementor-id=\"8\" class=\"elementor elementor-8\" data-elementor-post-type=\"page\">\n\t\t\t\t<div class=\"elementor-element elementor-element-c68736a e-flex e-con-boxed e-con e-parent\" data-id=\"c68736a\" data-element_type=\"container\" data-e-type=\"container\" data-settings=\"{&quot;background_background&quot;:&quot;classic&quot;}\">\n\t\t\t\t\t<div class=\"e-con-inner\">\n\t\t\t\t<div class=\"elementor-element elementor-element-f6c540e elementor-widget elementor-widget-heading\" data-id=\"f6c540e\" data-element_type=\"widget\" data-e-type=\"widget\" data-widget_type=\"heading.default\">\n\t\t\t\t\t<h2 class=\"elementor-heading-title elementor-size-default\">ART IN MIND<\/h2>\t\t\t\t<\/div>\n\t\t\t\t<div class=\"elementor-element elementor-element-ae9a309 elementor-widget elementor-widget-text-editor\" data-id=\"ae9a309\" data-element_type=\"widget\" data-e-type=\"widget\" data-widget_type=\"text-editor.default\">\n\t\t\t\t\t\t\t\t\t<p>With over a decade of experience, Arte en Mente is a project formed by specialists in Art History and Education. We are dedicated to creating educational and cultural outreach activities for all audiences, from a professional and rigorous perspective.<\/p>\t\t\t\t\t\t\t\t<\/div>\n\t\t\t\t\t<\/div>\n\t\t\t\t<\/div>\n\t\t<div class=\"elementor-element elementor-element-30baf53 e-flex e-con-boxed e-con e-parent\" data-id=\"30baf53\" data-element_type=\"container\" data-e-type=\"container\" data-settings=\"{&quot;background_background&quot;:&quot;classic&quot;}\">\n\t\t\t\t\t<div class=\"e-con-inner\">\n\t\t<div class=\"elementor-element elementor-element-5c01192 e-flex e-con-boxed e-con e-child\" data-id=\"5c01192\" data-element_type=\"container\" data-e-type=\"container\">\n\t\t\t\t\t<div class=\"e-con-inner\">\n\t\t\t\t<div class=\"elementor-element elementor-element-acd5892 elementor-widget elementor-widget-image\" data-id=\"acd5892\" data-element_type=\"widget\" data-e-type=\"widget\" data-widget_type=\"image.default\">\n\t\t\t\t\t\t\t\t\t\t\t\t\t\t\t<img fetchpriority=\"high\" decoding=\"async\" width=\"2048\" height=\"1365\" src=\"https:\/\/arteenmente.com\/wp-content\/uploads\/2026\/04\/fa8dc666-3a41-dd25-1958-1c0faf3cb1f4-Arte-en-Mente-2048x1365.jpg\" class=\"attachment-2048x2048 size-2048x2048 wp-image-387\" alt=\"\" srcset=\"https:\/\/arteenmente.com\/wp-content\/uploads\/2026\/04\/fa8dc666-3a41-dd25-1958-1c0faf3cb1f4-Arte-en-Mente-2048x1365.jpg 2048w, https:\/\/arteenmente.com\/wp-content\/uploads\/2026\/04\/fa8dc666-3a41-dd25-1958-1c0faf3cb1f4-Arte-en-Mente-300x200.jpg 300w, https:\/\/arteenmente.com\/wp-content\/uploads\/2026\/04\/fa8dc666-3a41-dd25-1958-1c0faf3cb1f4-Arte-en-Mente-1024x683.jpg 1024w, https:\/\/arteenmente.com\/wp-content\/uploads\/2026\/04\/fa8dc666-3a41-dd25-1958-1c0faf3cb1f4-Arte-en-Mente-768x512.jpg 768w, https:\/\/arteenmente.com\/wp-content\/uploads\/2026\/04\/fa8dc666-3a41-dd25-1958-1c0faf3cb1f4-Arte-en-Mente-1536x1024.jpg 1536w, https:\/\/arteenmente.com\/wp-content\/uploads\/2026\/04\/fa8dc666-3a41-dd25-1958-1c0faf3cb1f4-Arte-en-Mente-18x12.jpg 18w\" sizes=\"(max-width: 2048px) 100vw, 2048px\" \/>\t\t\t\t\t\t\t\t\t\t\t\t\t\t\t<\/div>\n\t\t\t\t\t<\/div>\n\t\t\t\t<\/div>\n\t\t<div class=\"elementor-element elementor-element-ad3c310 e-flex e-con-boxed e-con e-child\" data-id=\"ad3c310\" data-element_type=\"container\" data-e-type=\"container\">\n\t\t\t\t\t<div class=\"e-con-inner\">\n\t\t\t\t<div class=\"elementor-element elementor-element-349a04c elementor-widget elementor-widget-heading\" data-id=\"349a04c\" data-element_type=\"widget\" data-e-type=\"widget\" data-widget_type=\"heading.default\">\n\t\t\t\t\t<h2 class=\"elementor-heading-title elementor-size-default\">Who are we?<\/h2>\t\t\t\t<\/div>\n\t\t\t\t<div class=\"elementor-element elementor-element-bbf03b5 elementor-widget elementor-widget-text-editor\" data-id=\"bbf03b5\" data-element_type=\"widget\" data-e-type=\"widget\" data-widget_type=\"text-editor.default\">\n\t\t\t\t\t\t\t\t\t<p data-path-to-node=\"3\">Since May 2012, at Arte en Mente we have been working to transform cultural dissemination into a vibrant and participatory experience. With over ten years of experience in Madrid, our team of specialists in Art History and Education has developed its own methodology based on the meticulous study of our audience, adapting each educational and leisure program to the real needs of those who join us.<\/p><p data-path-to-node=\"4\">Throughout this journey, we have shared our love of culture with groups of all ages. Our work extends from classrooms and museums, accompanying students from 3 to 18 years old, to the design of art camps, family workshops, and exclusive events for companies and organizations. For us, every visit to the Prado Museum, the National Archaeological Museum, or the Reina Sof\u00eda Museum is an opportunity to build community and strengthen the bonds that, after a decade, have made many of our clients part of our family.<\/p><p data-path-to-node=\"5\">More than ten years after our beginnings, we remain convinced that an appropriate cultural education is key to instilling respect for our heritage in new generations. Our daily commitment is to facilitate access to culture from an early age, cultivating the art lovers of tomorrow.<\/p>\t\t\t\t\t\t\t\t<\/div>\n\t\t\t\t\t<\/div>\n\t\t\t\t<\/div>\n\t\t\t\t\t<\/div>\n\t\t\t\t<\/div>\n\t\t<div class=\"elementor-element elementor-element-212cb72 e-flex e-con-boxed e-con e-parent\" data-id=\"212cb72\" data-element_type=\"container\" data-e-type=\"container\" data-settings=\"{&quot;background_background&quot;:&quot;classic&quot;}\">\n\t\t\t\t\t<div class=\"e-con-inner\">\n\t\t\t\t<div class=\"elementor-element elementor-element-236ea40 elementor-widget-divider--view-line elementor-widget elementor-widget-divider\" data-id=\"236ea40\" data-element_type=\"widget\" data-e-type=\"widget\" data-widget_type=\"divider.default\">\n\t\t\t\t\t\t\t<div class=\"elementor-divider\">\n\t\t\t<span class=\"elementor-divider-separator\">\n\t\t\t\t\t\t<\/span>\n\t\t<\/div>\n\t\t\t\t\t\t<\/div>\n\t\t\t\t\t<\/div>\n\t\t\t\t<\/div>\n\t\t<div class=\"elementor-element elementor-element-82b145b e-flex e-con-boxed e-con e-parent\" data-id=\"82b145b\" data-element_type=\"container\" data-e-type=\"container\" data-settings=\"{&quot;background_background&quot;:&quot;classic&quot;}\">\n\t\t\t\t\t<div class=\"e-con-inner\">\n\t\t<div class=\"elementor-element elementor-element-94d208c e-flex e-con-boxed e-con e-child\" data-id=\"94d208c\" data-element_type=\"container\" data-e-type=\"container\">\n\t\t\t\t\t<div class=\"e-con-inner\">\n\t\t\t\t<div class=\"elementor-element elementor-element-5238742 elementor-widget elementor-widget-heading\" data-id=\"5238742\" data-element_type=\"widget\" data-e-type=\"widget\" data-widget_type=\"heading.default\">\n\t\t\t\t\t<h2 class=\"elementor-heading-title elementor-size-default\">Our Services<\/h2>\t\t\t\t<\/div>\n\t\t\t\t<div class=\"elementor-element elementor-element-e2b61ac elementor-widget elementor-widget-text-editor\" data-id=\"e2b61ac\" data-element_type=\"widget\" data-e-type=\"widget\" data-widget_type=\"text-editor.default\">\n\t\t\t\t\t\t\t\t\t<p data-path-to-node=\"3\">With over a decade of experience, Arte en Mente offers a comprehensive approach to education and cultural outreach, led by specialists in Art History and Didactics. Our work ranges from designing dynamic museum itineraries and classroom workshops for all educational levels to managing camps and customized projects for institutions and companies. Based on a participatory methodology and a thorough analysis of the target audience, we complement our offerings with professional services in illustration, educational museography, and document editing, always guaranteeing a rigorous, tailored, and meaningful cultural experience.<\/p>\t\t\t\t\t\t\t\t<\/div>\n\t\t\t\t\t<\/div>\n\t\t\t\t<\/div>\n\t\t<div class=\"elementor-element elementor-element-1122f7f e-flex e-con-boxed e-con e-child\" data-id=\"1122f7f\" data-element_type=\"container\" data-e-type=\"container\">\n\t\t\t\t\t<div class=\"e-con-inner\">\n\t\t\t\t<div class=\"elementor-element elementor-element-5576ca3 elementor-widget elementor-widget-image\" data-id=\"5576ca3\" data-element_type=\"widget\" data-e-type=\"widget\" data-widget_type=\"image.default\">\n\t\t\t\t\t\t\t\t\t\t\t\t\t\t\t<img decoding=\"async\" width=\"2048\" height=\"1265\" src=\"https:\/\/arteenmente.com\/wp-content\/uploads\/2026\/04\/34471dec-1977-4cb8-a3c7-f07fd9ba3955-2026-04-13-2048x1265.jpeg\" class=\"attachment-2048x2048 size-2048x2048 wp-image-404\" alt=\"\" srcset=\"https:\/\/arteenmente.com\/wp-content\/uploads\/2026\/04\/34471dec-1977-4cb8-a3c7-f07fd9ba3955-2026-04-13-2048x1265.jpeg 2048w, https:\/\/arteenmente.com\/wp-content\/uploads\/2026\/04\/34471dec-1977-4cb8-a3c7-f07fd9ba3955-2026-04-13-300x185.jpeg 300w, https:\/\/arteenmente.com\/wp-content\/uploads\/2026\/04\/34471dec-1977-4cb8-a3c7-f07fd9ba3955-2026-04-13-1024x633.jpeg 1024w, https:\/\/arteenmente.com\/wp-content\/uploads\/2026\/04\/34471dec-1977-4cb8-a3c7-f07fd9ba3955-2026-04-13-768x474.jpeg 768w, https:\/\/arteenmente.com\/wp-content\/uploads\/2026\/04\/34471dec-1977-4cb8-a3c7-f07fd9ba3955-2026-04-13-1536x949.jpeg 1536w, https:\/\/arteenmente.com\/wp-content\/uploads\/2026\/04\/34471dec-1977-4cb8-a3c7-f07fd9ba3955-2026-04-13-18x12.jpeg 18w\" sizes=\"(max-width: 2048px) 100vw, 2048px\" \/>\t\t\t\t\t\t\t\t\t\t\t\t\t\t\t<\/div>\n\t\t\t\t\t<\/div>\n\t\t\t\t<\/div>\n\t\t\t\t\t<\/div>\n\t\t\t\t<\/div>\n\t\t<div class=\"elementor-element elementor-element-0609b78 e-flex e-con-boxed e-con e-parent\" data-id=\"0609b78\" data-element_type=\"container\" data-e-type=\"container\" data-settings=\"{&quot;background_background&quot;:&quot;classic&quot;}\">\n\t\t\t\t\t<div class=\"e-con-inner\">\n\t\t\t\t<div class=\"elementor-element elementor-element-81740ee elementor-widget-divider--view-line elementor-widget elementor-widget-divider\" data-id=\"81740ee\" data-element_type=\"widget\" data-e-type=\"widget\" data-widget_type=\"divider.default\">\n\t\t\t\t\t\t\t<div class=\"elementor-divider\">\n\t\t\t<span class=\"elementor-divider-separator\">\n\t\t\t\t\t\t<\/span>\n\t\t<\/div>\n\t\t\t\t\t\t<\/div>\n\t\t\t\t\t<\/div>\n\t\t\t\t<\/div>\n\t\t<div class=\"elementor-element elementor-element-cda10f0 e-flex e-con-boxed e-con e-parent\" data-id=\"cda10f0\" data-element_type=\"container\" data-e-type=\"container\" data-settings=\"{&quot;background_background&quot;:&quot;classic&quot;}\">\n\t\t\t\t\t<div class=\"e-con-inner\">\n\t\t\t\t<div class=\"elementor-element elementor-element-5225f3b elementor-widget elementor-widget-heading\" data-id=\"5225f3b\" data-element_type=\"widget\" data-e-type=\"widget\" data-widget_type=\"heading.default\">\n\t\t\t\t\t<h2 class=\"elementor-heading-title elementor-size-default\">Check all our Services<\/h2>\t\t\t\t<\/div>\n\t\t\t\t<div class=\"elementor-element elementor-element-31915f7 elementor-widget elementor-widget-button\" data-id=\"31915f7\" data-element_type=\"widget\" data-e-type=\"widget\" data-widget_type=\"button.default\">\n\t\t\t\t\t\t\t\t\t\t<a class=\"elementor-button elementor-button-link elementor-size-sm\" href=\"https:\/\/arteenmente.com\/en\/servicio\/\">\n\t\t\t\t\t\t<span class=\"elementor-button-content-wrapper\">\n\t\t\t\t\t\t\t\t\t<span class=\"elementor-button-text\">Click here<\/span>\n\t\t\t\t\t<\/span>\n\t\t\t\t\t<\/a>\n\t\t\t\t\t\t\t\t<\/div>\n\t\t\t\t\t<\/div>\n\t\t\t\t<\/div>\n\t\t\t\t<\/div>","protected":false},"excerpt":{"rendered":"<p>ARTE EN MENTE Con m\u00e1s de una d\u00e9cada de trayectoria, Arte en Mente es un proyecto formado por especialistas en Historia del Arte y Did\u00e1ctica. Nos dedicamos a la creaci\u00f3n de actividades de educaci\u00f3n y difusi\u00f3n cultural para todos los p\u00fablicos, desde un enfoque profesional y riguroso. \u00bfQuienes somos? Desde mayo de 2012, en Arte [&hellip;]<\/p>\n","protected":false},"author":1,"featured_media":0,"parent":0,"menu_order":0,"comment_status":"closed","ping_status":"closed","template":"elementor_canvas","meta":{"footnotes":""},"class_list":["post-8","page","type-page","status-publish","hentry"],"yoast_head":"<!-- This site is optimized with the Yoast SEO plugin v27.4 - https:\/\/yoast.com\/product\/yoast-seo-wordpress\/ -->\n<title>Inicio - Arte En Mente<\/title>\n<meta name=\"robots\" content=\"index, follow, max-snippet:-1, max-image-preview:large, max-video-preview:-1\" \/>\n<link rel=\"canonical\" href=\"https:\/\/arteenmente.com\/en\/\" \/>\n<meta property=\"og:locale\" content=\"en_GB\" \/>\n<meta property=\"og:type\" content=\"article\" \/>\n<meta property=\"og:title\" content=\"Inicio - Arte En Mente\" \/>\n<meta property=\"og:description\" content=\"ARTE EN MENTE Con m\u00e1s de una d\u00e9cada de trayectoria, Arte en Mente es un proyecto formado por especialistas en Historia del Arte y Did\u00e1ctica. Nos dedicamos a la creaci\u00f3n de actividades de educaci\u00f3n y difusi\u00f3n cultural para todos los p\u00fablicos, desde un enfoque profesional y riguroso. \u00bfQuienes somos? Desde mayo de 2012, en Arte [&hellip;]\" \/>\n<meta property=\"og:url\" content=\"https:\/\/arteenmente.com\/en\/\" \/>\n<meta property=\"og:site_name\" content=\"Arte En Mente\" \/>\n<meta property=\"article:modified_time\" content=\"2026-04-13T14:18:47+00:00\" \/>\n<meta property=\"og:image\" content=\"https:\/\/arteenmente.com\/wp-content\/uploads\/2026\/04\/fa8dc666-3a41-dd25-1958-1c0faf3cb1f4-Arte-en-Mente-2048x1365.jpg\" \/>\n<meta name=\"twitter:card\" content=\"summary_large_image\" \/>\n<meta name=\"twitter:label1\" content=\"Estimated reading time\" \/>\n\t<meta name=\"twitter:data1\" content=\"2 minutes\" \/>\n<script type=\"application\/ld+json\" class=\"yoast-schema-graph\">{\"@context\":\"https:\\\/\\\/schema.org\",\"@graph\":[{\"@type\":\"WebPage\",\"@id\":\"https:\\\/\\\/arteenmente.com\\\/\",\"url\":\"https:\\\/\\\/arteenmente.com\\\/\",\"name\":\"Inicio - Arte En Mente\",\"isPartOf\":{\"@id\":\"https:\\\/\\\/arteenmente.com\\\/#website\"},\"primaryImageOfPage\":{\"@id\":\"https:\\\/\\\/arteenmente.com\\\/#primaryimage\"},\"image\":{\"@id\":\"https:\\\/\\\/arteenmente.com\\\/#primaryimage\"},\"thumbnailUrl\":\"https:\\\/\\\/arteenmente.com\\\/wp-content\\\/uploads\\\/2026\\\/04\\\/fa8dc666-3a41-dd25-1958-1c0faf3cb1f4-Arte-en-Mente-2048x1365.jpg\",\"datePublished\":\"2026-04-13T10:01:16+00:00\",\"dateModified\":\"2026-04-13T14:18:47+00:00\",\"breadcrumb\":{\"@id\":\"https:\\\/\\\/arteenmente.com\\\/#breadcrumb\"},\"inLanguage\":\"en-GB\",\"potentialAction\":[{\"@type\":\"ReadAction\",\"target\":[\"https:\\\/\\\/arteenmente.com\\\/\"]}]},{\"@type\":\"ImageObject\",\"inLanguage\":\"en-GB\",\"@id\":\"https:\\\/\\\/arteenmente.com\\\/#primaryimage\",\"url\":\"https:\\\/\\\/arteenmente.com\\\/wp-content\\\/uploads\\\/2026\\\/04\\\/fa8dc666-3a41-dd25-1958-1c0faf3cb1f4-Arte-en-Mente-2048x1365.jpg\",\"contentUrl\":\"https:\\\/\\\/arteenmente.com\\\/wp-content\\\/uploads\\\/2026\\\/04\\\/fa8dc666-3a41-dd25-1958-1c0faf3cb1f4-Arte-en-Mente-2048x1365.jpg\"},{\"@type\":\"BreadcrumbList\",\"@id\":\"https:\\\/\\\/arteenmente.com\\\/#breadcrumb\",\"itemListElement\":[{\"@type\":\"ListItem\",\"position\":1,\"name\":\"Portada\",\"item\":\"https:\\\/\\\/arteenmente.com\\\/\"},{\"@type\":\"ListItem\",\"position\":2,\"name\":\"Inicio\"}]},{\"@type\":\"WebSite\",\"@id\":\"https:\\\/\\\/arteenmente.com\\\/#website\",\"url\":\"https:\\\/\\\/arteenmente.com\\\/\",\"name\":\"Arte En Mente\",\"description\":\"Proyectos Culturales\",\"publisher\":{\"@id\":\"https:\\\/\\\/arteenmente.com\\\/#organization\"},\"potentialAction\":[{\"@type\":\"SearchAction\",\"target\":{\"@type\":\"EntryPoint\",\"urlTemplate\":\"https:\\\/\\\/arteenmente.com\\\/?s={search_term_string}\"},\"query-input\":{\"@type\":\"PropertyValueSpecification\",\"valueRequired\":true,\"valueName\":\"search_term_string\"}}],\"inLanguage\":\"en-GB\"},{\"@type\":\"Organization\",\"@id\":\"https:\\\/\\\/arteenmente.com\\\/#organization\",\"name\":\"Arte En Mente\",\"url\":\"https:\\\/\\\/arteenmente.com\\\/\",\"logo\":{\"@type\":\"ImageObject\",\"inLanguage\":\"en-GB\",\"@id\":\"https:\\\/\\\/arteenmente.com\\\/#\\\/schema\\\/logo\\\/image\\\/\",\"url\":\"https:\\\/\\\/arteenmente.com\\\/wp-content\\\/uploads\\\/2026\\\/04\\\/arteenmente202603_logo_web-scaled.png\",\"contentUrl\":\"https:\\\/\\\/arteenmente.com\\\/wp-content\\\/uploads\\\/2026\\\/04\\\/arteenmente202603_logo_web-scaled.png\",\"width\":2560,\"height\":2497,\"caption\":\"Arte En Mente\"},\"image\":{\"@id\":\"https:\\\/\\\/arteenmente.com\\\/#\\\/schema\\\/logo\\\/image\\\/\"}}]}<\/script>\n<!-- \/ Yoast SEO plugin. -->","yoast_head_json":{"title":"Inicio - Arte En Mente","robots":{"index":"index","follow":"follow","max-snippet":"max-snippet:-1","max-image-preview":"max-image-preview:large","max-video-preview":"max-video-preview:-1"},"canonical":"https:\/\/arteenmente.com\/en\/","og_locale":"en_GB","og_type":"article","og_title":"Inicio - Arte En Mente","og_description":"ARTE EN MENTE Con m\u00e1s de una d\u00e9cada de trayectoria, Arte en Mente es un proyecto formado por especialistas en Historia del Arte y Did\u00e1ctica. Nos dedicamos a la creaci\u00f3n de actividades de educaci\u00f3n y difusi\u00f3n cultural para todos los p\u00fablicos, desde un enfoque profesional y riguroso. \u00bfQuienes somos? Desde mayo de 2012, en Arte [&hellip;]","og_url":"https:\/\/arteenmente.com\/en\/","og_site_name":"Arte En Mente","article_modified_time":"2026-04-13T14:18:47+00:00","og_image":[{"url":"https:\/\/arteenmente.com\/wp-content\/uploads\/2026\/04\/fa8dc666-3a41-dd25-1958-1c0faf3cb1f4-Arte-en-Mente-2048x1365.jpg","type":"","width":"","height":""}],"twitter_card":"summary_large_image","twitter_misc":{"Estimated reading time":"2 minutes"},"schema":{"@context":"https:\/\/schema.org","@graph":[{"@type":"WebPage","@id":"https:\/\/arteenmente.com\/","url":"https:\/\/arteenmente.com\/","name":"Inicio - Arte En Mente","isPartOf":{"@id":"https:\/\/arteenmente.com\/#website"},"primaryImageOfPage":{"@id":"https:\/\/arteenmente.com\/#primaryimage"},"image":{"@id":"https:\/\/arteenmente.com\/#primaryimage"},"thumbnailUrl":"https:\/\/arteenmente.com\/wp-content\/uploads\/2026\/04\/fa8dc666-3a41-dd25-1958-1c0faf3cb1f4-Arte-en-Mente-2048x1365.jpg","datePublished":"2026-04-13T10:01:16+00:00","dateModified":"2026-04-13T14:18:47+00:00","breadcrumb":{"@id":"https:\/\/arteenmente.com\/#breadcrumb"},"inLanguage":"en-GB","potentialAction":[{"@type":"ReadAction","target":["https:\/\/arteenmente.com\/"]}]},{"@type":"ImageObject","inLanguage":"en-GB","@id":"https:\/\/arteenmente.com\/#primaryimage","url":"https:\/\/arteenmente.com\/wp-content\/uploads\/2026\/04\/fa8dc666-3a41-dd25-1958-1c0faf3cb1f4-Arte-en-Mente-2048x1365.jpg","contentUrl":"https:\/\/arteenmente.com\/wp-content\/uploads\/2026\/04\/fa8dc666-3a41-dd25-1958-1c0faf3cb1f4-Arte-en-Mente-2048x1365.jpg"},{"@type":"BreadcrumbList","@id":"https:\/\/arteenmente.com\/#breadcrumb","itemListElement":[{"@type":"ListItem","position":1,"name":"Portada","item":"https:\/\/arteenmente.com\/"},{"@type":"ListItem","position":2,"name":"Inicio"}]},{"@type":"WebSite","@id":"https:\/\/arteenmente.com\/#website","url":"https:\/\/arteenmente.com\/","name":"Arte En Mente","description":"Proyectos Culturales","publisher":{"@id":"https:\/\/arteenmente.com\/#organization"},"potentialAction":[{"@type":"SearchAction","target":{"@type":"EntryPoint","urlTemplate":"https:\/\/arteenmente.com\/?s={search_term_string}"},"query-input":{"@type":"PropertyValueSpecification","valueRequired":true,"valueName":"search_term_string"}}],"inLanguage":"en-GB"},{"@type":"Organization","@id":"https:\/\/arteenmente.com\/#organization","name":"Arte En Mente","url":"https:\/\/arteenmente.com\/","logo":{"@type":"ImageObject","inLanguage":"en-GB","@id":"https:\/\/arteenmente.com\/#\/schema\/logo\/image\/","url":"https:\/\/arteenmente.com\/wp-content\/uploads\/2026\/04\/arteenmente202603_logo_web-scaled.png","contentUrl":"https:\/\/arteenmente.com\/wp-content\/uploads\/2026\/04\/arteenmente202603_logo_web-scaled.png","width":2560,"height":2497,"caption":"Arte En Mente"},"image":{"@id":"https:\/\/arteenmente.com\/#\/schema\/logo\/image\/"}}]}},"_links":{"self":[{"href":"https:\/\/arteenmente.com\/en\/wp-json\/wp\/v2\/pages\/8","targetHints":{"allow":["GET"]}}],"collection":[{"href":"https:\/\/arteenmente.com\/en\/wp-json\/wp\/v2\/pages"}],"about":[{"href":"https:\/\/arteenmente.com\/en\/wp-json\/wp\/v2\/types\/page"}],"author":[{"embeddable":true,"href":"https:\/\/arteenmente.com\/en\/wp-json\/wp\/v2\/users\/1"}],"replies":[{"embeddable":true,"href":"https:\/\/arteenmente.com\/en\/wp-json\/wp\/v2\/comments?post=8"}],"version-history":[{"count":94,"href":"https:\/\/arteenmente.com\/en\/wp-json\/wp\/v2\/pages\/8\/revisions"}],"predecessor-version":[{"id":471,"href":"https:\/\/arteenmente.com\/en\/wp-json\/wp\/v2\/pages\/8\/revisions\/471"}],"wp:attachment":[{"href":"https:\/\/arteenmente.com\/en\/wp-json\/wp\/v2\/media?parent=8"}],"curies":[{"name":"wp","href":"https:\/\/api.w.org\/{rel}","templated":true}]}}