{"id":11,"date":"2026-04-13T10:02:30","date_gmt":"2026-04-13T10:02:30","guid":{"rendered":"https:\/\/arteenmente.rkinformatika.online\/?page_id=11"},"modified":"2026-04-13T13:33:58","modified_gmt":"2026-04-13T13:33:58","slug":"servicio","status":"publish","type":"page","link":"https:\/\/arteenmente.com\/en\/servicio\/","title":{"rendered":"Service"},"content":{"rendered":"<div data-elementor-type=\"wp-page\" data-elementor-id=\"11\" class=\"elementor elementor-11\" data-elementor-post-type=\"page\">\n\t\t\t\t<div class=\"elementor-element elementor-element-111aa28 e-flex e-con-boxed e-con e-parent\" data-id=\"111aa28\" data-element_type=\"container\" data-e-type=\"container\" data-settings=\"{&quot;background_background&quot;:&quot;classic&quot;}\">\n\t\t\t\t\t<div class=\"e-con-inner\">\n\t\t\t\t<div class=\"elementor-element elementor-element-630d5a0 elementor-widget elementor-widget-heading\" data-id=\"630d5a0\" data-element_type=\"widget\" data-e-type=\"widget\" data-widget_type=\"heading.default\">\n\t\t\t\t\t<h2 class=\"elementor-heading-title elementor-size-default\">Service<\/h2>\t\t\t\t<\/div>\n\t\t\t\t\t<\/div>\n\t\t\t\t<\/div>\n\t\t<div class=\"elementor-element elementor-element-e776ac7 e-flex e-con-boxed e-con e-parent\" data-id=\"e776ac7\" data-element_type=\"container\" data-e-type=\"container\" data-settings=\"{&quot;background_background&quot;:&quot;classic&quot;}\">\n\t\t\t\t\t<div class=\"e-con-inner\">\n\t\t<div class=\"elementor-element elementor-element-21da40b e-flex e-con-boxed e-con e-child\" data-id=\"21da40b\" data-element_type=\"container\" data-e-type=\"container\">\n\t\t\t\t\t<div class=\"e-con-inner\">\n\t\t\t\t<div class=\"elementor-element elementor-element-534c51c elementor-widget elementor-widget-image\" data-id=\"534c51c\" data-element_type=\"widget\" data-e-type=\"widget\" data-widget_type=\"image.default\">\n\t\t\t\t\t\t\t\t\t\t\t\t\t\t\t<img fetchpriority=\"high\" decoding=\"async\" width=\"2048\" height=\"959\" src=\"https:\/\/arteenmente.com\/wp-content\/uploads\/2026\/04\/IMG_20221019_120351_edit_645170096685655-Arte-en-Mente-2048x959.jpg\" class=\"attachment-2048x2048 size-2048x2048 wp-image-318\" alt=\"\" srcset=\"https:\/\/arteenmente.com\/wp-content\/uploads\/2026\/04\/IMG_20221019_120351_edit_645170096685655-Arte-en-Mente-2048x959.jpg 2048w, https:\/\/arteenmente.com\/wp-content\/uploads\/2026\/04\/IMG_20221019_120351_edit_645170096685655-Arte-en-Mente-300x141.jpg 300w, https:\/\/arteenmente.com\/wp-content\/uploads\/2026\/04\/IMG_20221019_120351_edit_645170096685655-Arte-en-Mente-1024x480.jpg 1024w, https:\/\/arteenmente.com\/wp-content\/uploads\/2026\/04\/IMG_20221019_120351_edit_645170096685655-Arte-en-Mente-768x360.jpg 768w, https:\/\/arteenmente.com\/wp-content\/uploads\/2026\/04\/IMG_20221019_120351_edit_645170096685655-Arte-en-Mente-1536x720.jpg 1536w, https:\/\/arteenmente.com\/wp-content\/uploads\/2026\/04\/IMG_20221019_120351_edit_645170096685655-Arte-en-Mente-18x8.jpg 18w\" sizes=\"(max-width: 2048px) 100vw, 2048px\" \/>\t\t\t\t\t\t\t\t\t\t\t\t\t\t\t<\/div>\n\t\t\t\t\t<\/div>\n\t\t\t\t<\/div>\n\t\t<div class=\"elementor-element elementor-element-49b3b59 e-flex e-con-boxed e-con e-child\" data-id=\"49b3b59\" data-element_type=\"container\" data-e-type=\"container\">\n\t\t\t\t\t<div class=\"e-con-inner\">\n\t\t\t\t<div class=\"elementor-element elementor-element-292ae2f elementor-widget elementor-widget-heading\" data-id=\"292ae2f\" data-element_type=\"widget\" data-e-type=\"widget\" data-widget_type=\"heading.default\">\n\t\t\t\t\t<h2 class=\"elementor-heading-title elementor-size-default\">Educaci\u00f3n, Difusi\u00f3n y Proyectos Culturales<\/h2>\t\t\t\t<\/div>\n\t\t\t\t<div class=\"elementor-element elementor-element-3449132 elementor-widget elementor-widget-text-editor\" data-id=\"3449132\" data-element_type=\"widget\" data-e-type=\"widget\" data-widget_type=\"text-editor.default\">\n\t\t\t\t\t\t\t\t\t<p>Con m\u00e1s de una d\u00e9cada de experiencia en Historia del Arte y Did\u00e1ctica, ofrecemos una oferta cultural integral que abarca desde itinerarios din\u00e1micos en museos y talleres participativos en el aula para todos los niveles educativos (Infantil, Primaria, Secundaria y Bachillerato), hasta el dise\u00f1o de campamentos y programas a medida para empresas e instituciones. Nuestra labor se completa con un servicio especializado de consultor\u00eda en museograf\u00eda, ilustraci\u00f3n y edici\u00f3n de materiales did\u00e1cticos, donde cada proyecto se adapta meticulosamente al perfil del p\u00fablico para garantizar una difusi\u00f3n cultural cercana, rigurosa y significativa.<\/p>\t\t\t\t\t\t\t\t<\/div>\n\t\t\t\t\t<\/div>\n\t\t\t\t<\/div>\n\t\t\t\t\t<\/div>\n\t\t\t\t<\/div>\n\t\t<div class=\"elementor-element elementor-element-03a6535 e-flex e-con-boxed e-con e-parent\" data-id=\"03a6535\" data-element_type=\"container\" data-e-type=\"container\" data-settings=\"{&quot;background_background&quot;:&quot;classic&quot;}\">\n\t\t\t\t\t<div class=\"e-con-inner\">\n\t\t\t\t<div class=\"elementor-element elementor-element-36cac3e e-n-tabs-mobile elementor-widget elementor-widget-n-tabs\" data-id=\"36cac3e\" data-element_type=\"widget\" data-e-type=\"widget\" data-settings=\"{&quot;horizontal_scroll&quot;:&quot;disable&quot;}\" data-widget_type=\"nested-tabs.default\">\n\t\t\t\t\t\t\t<div class=\"e-n-tabs\" data-widget-number=\"57453630\" aria-label=\"Pesta\u00f1as. Abre elementos con Intro o Espacio, ci\u00e9rralos con Escape y navega con las fechas.\">\n\t\t\t<div class=\"e-n-tabs-heading\" role=\"tablist\">\n\t\t\t\t\t<button id=\"e-n-tab-title-574536301\" data-tab-title-id=\"e-n-tab-title-574536301\" class=\"e-n-tab-title\" aria-selected=\"true\" data-tab-index=\"1\" role=\"tab\" tabindex=\"0\" aria-controls=\"e-n-tab-content-574536301\" style=\"--n-tabs-title-order: 1;\">\n\t\t\t\t\t\t<span class=\"e-n-tab-title-text\">\n\t\t\t\tMuseos e Itinerarios Did\u00e1cticos\t\t\t<\/span>\n\t\t<\/button>\n\t\t\t\t<button id=\"e-n-tab-title-574536302\" data-tab-title-id=\"e-n-tab-title-574536302\" class=\"e-n-tab-title\" aria-selected=\"false\" data-tab-index=\"2\" role=\"tab\" tabindex=\"-1\" aria-controls=\"e-n-tab-content-574536302\" style=\"--n-tabs-title-order: 2;\">\n\t\t\t\t\t\t<span class=\"e-n-tab-title-text\">\n\t\t\t\tEl Arte en el Aula\t\t\t<\/span>\n\t\t<\/button>\n\t\t\t\t<button id=\"e-n-tab-title-574536303\" data-tab-title-id=\"e-n-tab-title-574536303\" class=\"e-n-tab-title\" aria-selected=\"false\" data-tab-index=\"3\" role=\"tab\" tabindex=\"-1\" aria-controls=\"e-n-tab-content-574536303\" style=\"--n-tabs-title-order: 3;\">\n\t\t\t\t\t\t<span class=\"e-n-tab-title-text\">\n\t\t\t\tProgramas a Medida\t\t\t<\/span>\n\t\t<\/button>\n\t\t\t\t<button id=\"e-n-tab-title-574536304\" data-tab-title-id=\"e-n-tab-title-574536304\" class=\"e-n-tab-title\" aria-selected=\"false\" data-tab-index=\"4\" role=\"tab\" tabindex=\"-1\" aria-controls=\"e-n-tab-content-574536304\" style=\"--n-tabs-title-order: 4;\">\n\t\t\t\t\t\t<span class=\"e-n-tab-title-text\">\n\t\t\t\tConsultor\u00eda y Producci\u00f3n Editorial\t\t\t<\/span>\n\t\t<\/button>\n\t\t\t\t\t<\/div>\n\t\t\t<div class=\"e-n-tabs-content\">\n\t\t\t\t<div id=\"e-n-tab-content-574536301\" role=\"tabpanel\" aria-labelledby=\"e-n-tab-title-574536301\" data-tab-index=\"1\" style=\"--n-tabs-title-order: 1;\" class=\"e-active elementor-element elementor-element-16f4c78 e-con-full e-flex e-con e-child\" data-id=\"16f4c78\" data-element_type=\"container\" data-e-type=\"container\" data-settings=\"{&quot;background_background&quot;:&quot;classic&quot;}\">\n\t\t\t\t<div class=\"elementor-element elementor-element-9ec9c19 elementor-widget elementor-widget-text-editor\" data-id=\"9ec9c19\" data-element_type=\"widget\" data-e-type=\"widget\" data-widget_type=\"text-editor.default\">\n\t\t\t\t\t\t\t\t\t<ul><li><p data-path-to-node=\"7,0,0\">Infantil y Primaria: Aprender jugando. Recorridos participativos adaptados al desarrollo cognitivo y la curiosidad de los m\u00e1s peque\u00f1os.<\/p><\/li><li><p data-path-to-node=\"7,1,0\">Secundaria y Bachillerato: An\u00e1lisis y contexto. Itinerarios profundos que conectan el arte con la historia y el curr\u00edculo acad\u00e9mico.<\/p><\/li><\/ul>\t\t\t\t\t\t\t\t<\/div>\n\t\t\t\t<\/div>\n\t\t<div id=\"e-n-tab-content-574536302\" role=\"tabpanel\" aria-labelledby=\"e-n-tab-title-574536302\" data-tab-index=\"2\" style=\"--n-tabs-title-order: 2;\" class=\"elementor-element elementor-element-9049aa1 e-con-full e-flex e-con e-child\" data-id=\"9049aa1\" data-element_type=\"container\" data-e-type=\"container\">\n\t\t\t\t<div class=\"elementor-element elementor-element-8f68aac elementor-widget elementor-widget-text-editor\" data-id=\"8f68aac\" data-element_type=\"widget\" data-e-type=\"widget\" data-widget_type=\"text-editor.default\">\n\t\t\t\t\t\t\t\t\t<ul><li>Talleres para Infantil y Primaria: Llevamos el museo al colegio. Sesiones pr\u00e1cticas y manipulativas para que el alumnado experimente el proceso creativo en su propio entorno.<\/li><\/ul>\t\t\t\t\t\t\t\t<\/div>\n\t\t\t\t<\/div>\n\t\t<div id=\"e-n-tab-content-574536303\" role=\"tabpanel\" aria-labelledby=\"e-n-tab-title-574536303\" data-tab-index=\"3\" style=\"--n-tabs-title-order: 3;\" class=\"elementor-element elementor-element-30f8088 e-con-full e-flex e-con e-child\" data-id=\"30f8088\" data-element_type=\"container\" data-e-type=\"container\">\n\t\t\t\t<div class=\"elementor-element elementor-element-3746161 elementor-widget elementor-widget-text-editor\" data-id=\"3746161\" data-element_type=\"widget\" data-e-type=\"widget\" data-widget_type=\"text-editor.default\">\n\t\t\t\t\t\t\t\t\t<ul><li>Campamentos y Proyectos para Instituciones: Soluciones creativas para colegios, empresas y entidades culturales. Dise\u00f1amos experiencias de ocio educativo basadas en el rigor hist\u00f3rico.<\/li><\/ul>\t\t\t\t\t\t\t\t<\/div>\n\t\t\t\t<\/div>\n\t\t<div id=\"e-n-tab-content-574536304\" role=\"tabpanel\" aria-labelledby=\"e-n-tab-title-574536304\" data-tab-index=\"4\" style=\"--n-tabs-title-order: 4;\" class=\"elementor-element elementor-element-8b1e712 e-flex e-con-boxed e-con e-child\" data-id=\"8b1e712\" data-element_type=\"container\" data-e-type=\"container\">\n\t\t\t\t\t<div class=\"e-con-inner\">\n\t\t\t\t<div class=\"elementor-element elementor-element-3c2dc9a elementor-widget elementor-widget-text-editor\" data-id=\"3c2dc9a\" data-element_type=\"widget\" data-e-type=\"widget\" data-widget_type=\"text-editor.default\">\n\t\t\t\t\t\t\t\t\t<ul><li>Ilustraci\u00f3n, Museograf\u00eda y Edici\u00f3n: Especialistas en transformar el conocimiento en materiales did\u00e1cticos. Creamos gu\u00edas, recursos museogr\u00e1ficos y documentos que hacen la cultura accesible.<\/li><\/ul>\t\t\t\t\t\t\t\t<\/div>\n\t\t\t\t\t<\/div>\n\t\t\t\t<\/div>\n\t\t\t\t\t<\/div>\n\t\t<\/div>\n\t\t\t\t\t\t<\/div>\n\t\t\t\t\t<\/div>\n\t\t\t\t<\/div>\n\t\t<div class=\"elementor-element elementor-element-1bced84 e-flex e-con-boxed e-con e-parent\" data-id=\"1bced84\" data-element_type=\"container\" data-e-type=\"container\" data-settings=\"{&quot;background_background&quot;:&quot;classic&quot;}\">\n\t\t\t\t\t<div class=\"e-con-inner\">\n\t\t\t\t<div class=\"elementor-element elementor-element-6e4b7bb elementor-widget elementor-widget-heading\" data-id=\"6e4b7bb\" data-element_type=\"widget\" data-e-type=\"widget\" data-widget_type=\"heading.default\">\n\t\t\t\t\t<h2 class=\"elementor-heading-title elementor-size-default\">\u00bfQuieres contratarnos?<\/h2>\t\t\t\t<\/div>\n\t\t\t\t<div class=\"elementor-element elementor-element-0ede489 elementor-widget elementor-widget-button\" data-id=\"0ede489\" data-element_type=\"widget\" data-e-type=\"widget\" data-widget_type=\"button.default\">\n\t\t\t\t\t\t\t\t\t\t<a class=\"elementor-button elementor-button-link elementor-size-sm\" href=\"https:\/\/arteenmente.com\/en\/contacto\/\">\n\t\t\t\t\t\t<span class=\"elementor-button-content-wrapper\">\n\t\t\t\t\t\t\t\t\t<span class=\"elementor-button-text\">Click here<\/span>\n\t\t\t\t\t<\/span>\n\t\t\t\t\t<\/a>\n\t\t\t\t\t\t\t\t<\/div>\n\t\t\t\t\t<\/div>\n\t\t\t\t<\/div>\n\t\t\t\t<\/div>","protected":false},"excerpt":{"rendered":"<p>Servicio Educaci\u00f3n, Difusi\u00f3n y Proyectos Culturales Con m\u00e1s de una d\u00e9cada de experiencia en Historia del Arte y Did\u00e1ctica, ofrecemos una oferta cultural integral que abarca desde itinerarios din\u00e1micos en museos y talleres participativos en el aula para todos los niveles educativos (Infantil, Primaria, Secundaria y Bachillerato), hasta el dise\u00f1o de campamentos y programas a [&hellip;]<\/p>\n","protected":false},"author":1,"featured_media":0,"parent":0,"menu_order":0,"comment_status":"closed","ping_status":"closed","template":"elementor_canvas","meta":{"footnotes":""},"class_list":["post-11","page","type-page","status-publish","hentry"],"yoast_head":"<!-- This site is optimized with the Yoast SEO plugin v27.4 - https:\/\/yoast.com\/product\/yoast-seo-wordpress\/ -->\n<title>Servicio - Arte En Mente<\/title>\n<meta name=\"robots\" content=\"index, follow, max-snippet:-1, max-image-preview:large, max-video-preview:-1\" \/>\n<link rel=\"canonical\" href=\"https:\/\/arteenmente.com\/en\/servicio\/\" \/>\n<meta property=\"og:locale\" content=\"en_GB\" \/>\n<meta property=\"og:type\" content=\"article\" \/>\n<meta property=\"og:title\" content=\"Servicio - Arte En Mente\" \/>\n<meta property=\"og:description\" content=\"Servicio Educaci\u00f3n, Difusi\u00f3n y Proyectos Culturales Con m\u00e1s de una d\u00e9cada de experiencia en Historia del Arte y Did\u00e1ctica, ofrecemos una oferta cultural integral que abarca desde itinerarios din\u00e1micos en museos y talleres participativos en el aula para todos los niveles educativos (Infantil, Primaria, Secundaria y Bachillerato), hasta el dise\u00f1o de campamentos y programas a [&hellip;]\" \/>\n<meta property=\"og:url\" content=\"https:\/\/arteenmente.com\/en\/servicio\/\" \/>\n<meta property=\"og:site_name\" content=\"Arte En Mente\" \/>\n<meta property=\"article:modified_time\" content=\"2026-04-13T13:33:58+00:00\" \/>\n<meta property=\"og:image\" content=\"https:\/\/arteenmente.com\/wp-content\/uploads\/2026\/04\/IMG_20221019_120351_edit_645170096685655-Arte-en-Mente-2048x959.jpg\" \/>\n<meta name=\"twitter:card\" content=\"summary_large_image\" \/>\n<script type=\"application\/ld+json\" class=\"yoast-schema-graph\">{\"@context\":\"https:\\\/\\\/schema.org\",\"@graph\":[{\"@type\":\"WebPage\",\"@id\":\"https:\\\/\\\/arteenmente.com\\\/servicio\\\/\",\"url\":\"https:\\\/\\\/arteenmente.com\\\/servicio\\\/\",\"name\":\"Servicio - Arte En Mente\",\"isPartOf\":{\"@id\":\"https:\\\/\\\/arteenmente.com\\\/#website\"},\"primaryImageOfPage\":{\"@id\":\"https:\\\/\\\/arteenmente.com\\\/servicio\\\/#primaryimage\"},\"image\":{\"@id\":\"https:\\\/\\\/arteenmente.com\\\/servicio\\\/#primaryimage\"},\"thumbnailUrl\":\"https:\\\/\\\/arteenmente.com\\\/wp-content\\\/uploads\\\/2026\\\/04\\\/IMG_20221019_120351_edit_645170096685655-Arte-en-Mente-2048x959.jpg\",\"datePublished\":\"2026-04-13T10:02:30+00:00\",\"dateModified\":\"2026-04-13T13:33:58+00:00\",\"breadcrumb\":{\"@id\":\"https:\\\/\\\/arteenmente.com\\\/servicio\\\/#breadcrumb\"},\"inLanguage\":\"en-GB\",\"potentialAction\":[{\"@type\":\"ReadAction\",\"target\":[\"https:\\\/\\\/arteenmente.com\\\/servicio\\\/\"]}]},{\"@type\":\"ImageObject\",\"inLanguage\":\"en-GB\",\"@id\":\"https:\\\/\\\/arteenmente.com\\\/servicio\\\/#primaryimage\",\"url\":\"https:\\\/\\\/arteenmente.com\\\/wp-content\\\/uploads\\\/2026\\\/04\\\/IMG_20221019_120351_edit_645170096685655-Arte-en-Mente-2048x959.jpg\",\"contentUrl\":\"https:\\\/\\\/arteenmente.com\\\/wp-content\\\/uploads\\\/2026\\\/04\\\/IMG_20221019_120351_edit_645170096685655-Arte-en-Mente-2048x959.jpg\"},{\"@type\":\"BreadcrumbList\",\"@id\":\"https:\\\/\\\/arteenmente.com\\\/servicio\\\/#breadcrumb\",\"itemListElement\":[{\"@type\":\"ListItem\",\"position\":1,\"name\":\"Portada\",\"item\":\"https:\\\/\\\/arteenmente.com\\\/\"},{\"@type\":\"ListItem\",\"position\":2,\"name\":\"Servicio\"}]},{\"@type\":\"WebSite\",\"@id\":\"https:\\\/\\\/arteenmente.com\\\/#website\",\"url\":\"https:\\\/\\\/arteenmente.com\\\/\",\"name\":\"Arte En Mente\",\"description\":\"Proyectos Culturales\",\"publisher\":{\"@id\":\"https:\\\/\\\/arteenmente.com\\\/#organization\"},\"potentialAction\":[{\"@type\":\"SearchAction\",\"target\":{\"@type\":\"EntryPoint\",\"urlTemplate\":\"https:\\\/\\\/arteenmente.com\\\/?s={search_term_string}\"},\"query-input\":{\"@type\":\"PropertyValueSpecification\",\"valueRequired\":true,\"valueName\":\"search_term_string\"}}],\"inLanguage\":\"en-GB\"},{\"@type\":\"Organization\",\"@id\":\"https:\\\/\\\/arteenmente.com\\\/#organization\",\"name\":\"Arte En Mente\",\"url\":\"https:\\\/\\\/arteenmente.com\\\/\",\"logo\":{\"@type\":\"ImageObject\",\"inLanguage\":\"en-GB\",\"@id\":\"https:\\\/\\\/arteenmente.com\\\/#\\\/schema\\\/logo\\\/image\\\/\",\"url\":\"https:\\\/\\\/arteenmente.com\\\/wp-content\\\/uploads\\\/2026\\\/04\\\/arteenmente202603_logo_web-scaled.png\",\"contentUrl\":\"https:\\\/\\\/arteenmente.com\\\/wp-content\\\/uploads\\\/2026\\\/04\\\/arteenmente202603_logo_web-scaled.png\",\"width\":2560,\"height\":2497,\"caption\":\"Arte En Mente\"},\"image\":{\"@id\":\"https:\\\/\\\/arteenmente.com\\\/#\\\/schema\\\/logo\\\/image\\\/\"}}]}<\/script>\n<!-- \/ Yoast SEO plugin. -->","yoast_head_json":{"title":"Servicio - Arte En Mente","robots":{"index":"index","follow":"follow","max-snippet":"max-snippet:-1","max-image-preview":"max-image-preview:large","max-video-preview":"max-video-preview:-1"},"canonical":"https:\/\/arteenmente.com\/en\/servicio\/","og_locale":"en_GB","og_type":"article","og_title":"Servicio - Arte En Mente","og_description":"Servicio Educaci\u00f3n, Difusi\u00f3n y Proyectos Culturales Con m\u00e1s de una d\u00e9cada de experiencia en Historia del Arte y Did\u00e1ctica, ofrecemos una oferta cultural integral que abarca desde itinerarios din\u00e1micos en museos y talleres participativos en el aula para todos los niveles educativos (Infantil, Primaria, Secundaria y Bachillerato), hasta el dise\u00f1o de campamentos y programas a [&hellip;]","og_url":"https:\/\/arteenmente.com\/en\/servicio\/","og_site_name":"Arte En Mente","article_modified_time":"2026-04-13T13:33:58+00:00","og_image":[{"url":"https:\/\/arteenmente.com\/wp-content\/uploads\/2026\/04\/IMG_20221019_120351_edit_645170096685655-Arte-en-Mente-2048x959.jpg","type":"","width":"","height":""}],"twitter_card":"summary_large_image","schema":{"@context":"https:\/\/schema.org","@graph":[{"@type":"WebPage","@id":"https:\/\/arteenmente.com\/servicio\/","url":"https:\/\/arteenmente.com\/servicio\/","name":"Servicio - Arte En Mente","isPartOf":{"@id":"https:\/\/arteenmente.com\/#website"},"primaryImageOfPage":{"@id":"https:\/\/arteenmente.com\/servicio\/#primaryimage"},"image":{"@id":"https:\/\/arteenmente.com\/servicio\/#primaryimage"},"thumbnailUrl":"https:\/\/arteenmente.com\/wp-content\/uploads\/2026\/04\/IMG_20221019_120351_edit_645170096685655-Arte-en-Mente-2048x959.jpg","datePublished":"2026-04-13T10:02:30+00:00","dateModified":"2026-04-13T13:33:58+00:00","breadcrumb":{"@id":"https:\/\/arteenmente.com\/servicio\/#breadcrumb"},"inLanguage":"en-GB","potentialAction":[{"@type":"ReadAction","target":["https:\/\/arteenmente.com\/servicio\/"]}]},{"@type":"ImageObject","inLanguage":"en-GB","@id":"https:\/\/arteenmente.com\/servicio\/#primaryimage","url":"https:\/\/arteenmente.com\/wp-content\/uploads\/2026\/04\/IMG_20221019_120351_edit_645170096685655-Arte-en-Mente-2048x959.jpg","contentUrl":"https:\/\/arteenmente.com\/wp-content\/uploads\/2026\/04\/IMG_20221019_120351_edit_645170096685655-Arte-en-Mente-2048x959.jpg"},{"@type":"BreadcrumbList","@id":"https:\/\/arteenmente.com\/servicio\/#breadcrumb","itemListElement":[{"@type":"ListItem","position":1,"name":"Portada","item":"https:\/\/arteenmente.com\/"},{"@type":"ListItem","position":2,"name":"Servicio"}]},{"@type":"WebSite","@id":"https:\/\/arteenmente.com\/#website","url":"https:\/\/arteenmente.com\/","name":"Arte En Mente","description":"Proyectos Culturales","publisher":{"@id":"https:\/\/arteenmente.com\/#organization"},"potentialAction":[{"@type":"SearchAction","target":{"@type":"EntryPoint","urlTemplate":"https:\/\/arteenmente.com\/?s={search_term_string}"},"query-input":{"@type":"PropertyValueSpecification","valueRequired":true,"valueName":"search_term_string"}}],"inLanguage":"en-GB"},{"@type":"Organization","@id":"https:\/\/arteenmente.com\/#organization","name":"Arte En Mente","url":"https:\/\/arteenmente.com\/","logo":{"@type":"ImageObject","inLanguage":"en-GB","@id":"https:\/\/arteenmente.com\/#\/schema\/logo\/image\/","url":"https:\/\/arteenmente.com\/wp-content\/uploads\/2026\/04\/arteenmente202603_logo_web-scaled.png","contentUrl":"https:\/\/arteenmente.com\/wp-content\/uploads\/2026\/04\/arteenmente202603_logo_web-scaled.png","width":2560,"height":2497,"caption":"Arte En Mente"},"image":{"@id":"https:\/\/arteenmente.com\/#\/schema\/logo\/image\/"}}]}},"_links":{"self":[{"href":"https:\/\/arteenmente.com\/en\/wp-json\/wp\/v2\/pages\/11","targetHints":{"allow":["GET"]}}],"collection":[{"href":"https:\/\/arteenmente.com\/en\/wp-json\/wp\/v2\/pages"}],"about":[{"href":"https:\/\/arteenmente.com\/en\/wp-json\/wp\/v2\/types\/page"}],"author":[{"embeddable":true,"href":"https:\/\/arteenmente.com\/en\/wp-json\/wp\/v2\/users\/1"}],"replies":[{"embeddable":true,"href":"https:\/\/arteenmente.com\/en\/wp-json\/wp\/v2\/comments?post=11"}],"version-history":[{"count":118,"href":"https:\/\/arteenmente.com\/en\/wp-json\/wp\/v2\/pages\/11\/revisions"}],"predecessor-version":[{"id":370,"href":"https:\/\/arteenmente.com\/en\/wp-json\/wp\/v2\/pages\/11\/revisions\/370"}],"wp:attachment":[{"href":"https:\/\/arteenmente.com\/en\/wp-json\/wp\/v2\/media?parent=11"}],"curies":[{"name":"wp","href":"https:\/\/api.w.org\/{rel}","templated":true}]}}